{"id":625,"date":"2021-11-30T10:26:44","date_gmt":"2021-11-30T09:26:44","guid":{"rendered":"https:\/\/haertlrealestate.de\/neu\/impressum\/"},"modified":"2025-10-01T18:13:06","modified_gmt":"2025-10-01T16:13:06","slug":"impressum","status":"publish","type":"page","link":"https:\/\/haertlrealestate.de\/en\/impressum\/","title":{"rendered":"Imprint"},"content":{"rendered":"\t\t<div data-elementor-type=\"wp-page\" data-elementor-id=\"625\" class=\"elementor elementor-625\" data-elementor-post-type=\"page\">\n\t\t\t\t\t\t<section class=\"elementor-section elementor-top-section elementor-element elementor-element-16c38ad2 elementor-section-boxed elementor-section-height-default elementor-section-height-default\" data-id=\"16c38ad2\" data-element_type=\"section\">\n\t\t\t\t\t\t<div class=\"elementor-container elementor-column-gap-default\">\n\t\t\t\t\t<div class=\"elementor-column elementor-col-100 elementor-top-column elementor-element elementor-element-b463b07\" data-id=\"b463b07\" data-element_type=\"column\">\n\t\t\t<div class=\"elementor-widget-wrap elementor-element-populated\">\n\t\t\t\t\t\t<div class=\"elementor-element elementor-element-34a4958 elementor-widget elementor-widget-heading\" data-id=\"34a4958\" data-element_type=\"widget\" data-widget_type=\"heading.default\">\n\t\t\t\t<div class=\"elementor-widget-container\">\n\t\t\t\t\t<h2 class=\"elementor-heading-title elementor-size-default\">Imprint<\/h2>\t\t\t\t<\/div>\n\t\t\t\t<\/div>\n\t\t\t\t<div class=\"elementor-element elementor-element-2602e4a2 elementor-widget elementor-widget-text-editor\" data-id=\"2602e4a2\" data-element_type=\"widget\" data-widget_type=\"text-editor.default\">\n\t\t\t\t<div class=\"elementor-widget-container\">\n\t\t\t\t\t\t\t\t\t<p><strong>H\u00e4rtl Real Estate GmbH<\/strong><br \/>N\u00f6rdliche M\u00fcnchner Stra\u00dfe 27a<br \/>82031 Gr\u00fcnwald<\/p>\n<p>Phone: <a href=\"tel:+4917644427899\">+49 176 44427899<\/a><br \/>E-Mail: <a href=\"mailto:info@haertlrealestate.de\">info@haertlrealestate.de<\/a><\/p>\n<p>Managing Director:<br \/>Lorenz H\u00e4rtl, Dipl.-Immobilien\u00f6konom (ADI), Economics (B.Sc.), Psychology (B.Sc.)<\/p>\n<p>Register court: Local court Munich, HRB 269530<\/p>\n<p>Sales tax identification number according to \u00a727 a Umsatzsteuergesetz:<br \/>DE347553735<\/p>\n<p>Competent supervisory authority for the activity according to \u00a7 34c GewO:<br \/>Chamber of Industry and Commerce (IHK) for Munich and Upper Bavaria, Max-Joseph-Strasse 2, 80333 Munich, Germany<\/p>\n<p><strong>Warranty<\/strong><br \/>The information on these web pages is regularly checked and updated by H\u00e4rtl Real Estate GmbH. Despite all due care, information and the facts on which it is based may have changed in the course of time. Therefore, H\u00e4rtl Real Estate GmbH does not assume any liability or guarantee for the timeliness, accuracy and completeness of the information provided.<\/p>\n<p>The same applies to all other websites to which links are provided. The responsibility for the content and design of these pages lies with the respective provider as defined by the German Telemedia Act (TMG).<\/p>\n<p>We are neither obliged nor willing to participate in a dispute resolution procedure before a consumer arbitration board.<\/p>\n<p>We do not fall under the German Accessibility Strengthening Act (Barrierefreiheitsst\u00e4rkungsgesetz).<\/p>\n<p>The site is maintained by Hello Performance GmbH (web solutions and online marketing)<\/p>\n<p><!-- \/wp:paragraph --><\/p>\t\t\t\t\t\t\t\t<\/div>\n\t\t\t\t<\/div>\n\t\t\t\t\t<\/div>\n\t\t<\/div>\n\t\t\t\t\t<\/div>\n\t\t<\/section>\n\t\t\t\t<section class=\"elementor-section elementor-top-section elementor-element elementor-element-ade527b elementor-section-full_width elementor-section-height-default elementor-section-height-default\" data-id=\"ade527b\" data-element_type=\"section\">\n\t\t\t\t\t\t\t<div class=\"elementor-background-overlay\"><\/div>\n\t\t\t\t\t\t\t<div class=\"elementor-container elementor-column-gap-default\">\n\t\t\t\t\t<div class=\"elementor-column elementor-col-100 elementor-top-column elementor-element elementor-element-12e43ea\" data-id=\"12e43ea\" data-element_type=\"column\">\n\t\t\t<div class=\"elementor-widget-wrap elementor-element-populated\">\n\t\t\t\t\t\t<div class=\"elementor-element elementor-element-3b92c90 elementor-widget elementor-widget-text-editor\" data-id=\"3b92c90\" data-element_type=\"widget\" data-widget_type=\"text-editor.default\">\n\t\t\t\t<div class=\"elementor-widget-container\">\n\t\t\t\t\t\t\t\t\t<div style=\"text-align: center;\"><strong>2021 &#8211; H\u00e4rtl Real Estate GmbH<\/strong><\/div>\t\t\t\t\t\t\t\t<\/div>\n\t\t\t\t<\/div>\n\t\t\t\t<div class=\"elementor-element elementor-element-0edbca4 elementor-widget elementor-widget-html\" data-id=\"0edbca4\" data-element_type=\"widget\" data-widget_type=\"html.default\">\n\t\t\t\t<div class=\"elementor-widget-container\">\n\t\t\t\t\t<div class=\"footer-legal-links\">\n  <a href=\"https:\/\/haertlrealestate.de\/en\/privacy-policy\/\" target=\"_blank\" rel=\"noopener\">Privacy Policy<\/a>\n  <span class=\"divider\">|<\/span>\n  <a href=\"https:\/\/haertlrealestate.de\/en\/impressum\/\" target=\"_blank\" rel=\"noopener\">Imprint<\/a>\n  <span class=\"divider\">|<\/span>\n  <a href=\"#\" id=\"open-consent\">Cookie Settings<\/a>\n<\/div>\n\n<script>\ndocument.addEventListener('DOMContentLoaded', function () {\n  var link = document.getElementById('open-consent');\n  if (!link) return;\n  link.addEventListener('click', function (e) {\n    e.preventDefault();\n    var btn = document.querySelector('#cmplz-manage-consent .cmplz-manage-consent');\n    if (btn) { btn.click(); return; }\n    var banner = document.querySelector('.cmplz-cookiebanner');\n    if (banner) banner.classList.remove('cmplz-hidden');\n  }, false);\n});\n<\/script>\n\n<style>\n.footer-legal-links {\n  text-align: center;\n  font-size: 14px;\n  margin: 0; \/* kein \u00e4u\u00dferer Abstand *\/\n  padding: 0; \/* kein innerer Abstand *\/\n  line-height: 1.4;\n}\n.footer-legal-links a {\n  color: #c5b358; \/* Gold *\/\n  text-decoration: none; Abstand zwischen Links *\/\n}\n.footer-legal-links a:hover {\n  color: #e0c97f; \/* helleres Gold beim Hover *\/\n  text-decoration: underline;\n}\n.footer-legal-links .divider {\n  color: #ffffff; \/* Trenner in Wei\u00df *\/\n  margin: 0 5px; \/* sorgt f\u00fcr gleichm\u00e4\u00dfigen Abstand *\/\n}\n<\/style>\t\t\t\t<\/div>\n\t\t\t\t<\/div>\n\t\t\t\t\t<\/div>\n\t\t<\/div>\n\t\t\t\t\t<\/div>\n\t\t<\/section>\n\t\t\t\t<\/div>\n\t\t","protected":false},"excerpt":{"rendered":"<p>Imprint H\u00e4rtl Real Estate GmbHN\u00f6rdliche M\u00fcnchner Stra\u00dfe 27a82031 Gr\u00fcnwald Phone: +49 176 44427899E-Mail: info@haertlrealestate.de Managing Director:Lorenz H\u00e4rtl, Dipl.-Immobilien\u00f6konom (ADI), Economics (B.Sc.), Psychology (B.Sc.) Register court: Local court Munich, HRB 269530 Sales tax identification number according to \u00a727 a Umsatzsteuergesetz:DE347553735 Competent supervisory authority for the activity according to \u00a7 34c GewO:Chamber of Industry and Commerce (IHK)&hellip;&nbsp;<a href=\"https:\/\/haertlrealestate.de\/en\/impressum\/\" rel=\"bookmark\">Read More &raquo;<span class=\"screen-reader-text\">Imprint<\/span><\/a><\/p>\n","protected":false},"author":1,"featured_media":0,"parent":0,"menu_order":0,"comment_status":"closed","ping_status":"closed","template":"elementor_header_footer","meta":{"neve_meta_sidebar":"","neve_meta_container":"","neve_meta_enable_content_width":"","neve_meta_content_width":0,"neve_meta_title_alignment":"","neve_meta_author_avatar":"","neve_post_elements_order":"","neve_meta_disable_header":"","neve_meta_disable_footer":"","neve_meta_disable_title":"","footnotes":""},"class_list":["post-625","page","type-page","status-publish","hentry"],"yoast_head":"<!-- This site is optimized with the Yoast SEO plugin v26.0 - https:\/\/yoast.com\/wordpress\/plugins\/seo\/ -->\n<title>Imprint - H\u00e4rtl Real Estate GmbH<\/title>\n<meta name=\"robots\" content=\"index, follow, max-snippet:-1, max-image-preview:large, max-video-preview:-1\" \/>\n<link rel=\"canonical\" href=\"https:\/\/haertlrealestate.de\/en\/impressum\/\" \/>\n<meta property=\"og:locale\" content=\"en_US\" \/>\n<meta property=\"og:type\" content=\"article\" \/>\n<meta property=\"og:title\" content=\"Imprint - H\u00e4rtl Real Estate GmbH\" \/>\n<meta property=\"og:description\" content=\"Imprint H\u00e4rtl Real Estate GmbHN\u00f6rdliche M\u00fcnchner Stra\u00dfe 27a82031 Gr\u00fcnwald Phone: +49 176 44427899E-Mail: info@haertlrealestate.de Managing Director:Lorenz H\u00e4rtl, Dipl.-Immobilien\u00f6konom (ADI), Economics (B.Sc.), Psychology (B.Sc.) Register court: Local court Munich, HRB 269530 Sales tax identification number according to \u00a727 a Umsatzsteuergesetz:DE347553735 Competent supervisory authority for the activity according to \u00a7 34c GewO:Chamber of Industry and Commerce (IHK)&hellip;&nbsp;Read More &raquo;Imprint\" \/>\n<meta property=\"og:url\" content=\"https:\/\/haertlrealestate.de\/en\/impressum\/\" \/>\n<meta property=\"og:site_name\" content=\"H\u00e4rtl Real Estate GmbH\" \/>\n<meta property=\"article:modified_time\" content=\"2025-10-01T16:13:06+00:00\" \/>\n<meta name=\"twitter:card\" content=\"summary_large_image\" \/>\n<meta name=\"twitter:label1\" content=\"Est. reading time\" \/>\n\t<meta name=\"twitter:data1\" content=\"2 minutes\" \/>\n<script type=\"application\/ld+json\" class=\"yoast-schema-graph\">{\"@context\":\"https:\/\/schema.org\",\"@graph\":[{\"@type\":\"WebPage\",\"@id\":\"https:\/\/haertlrealestate.de\/en\/impressum\/\",\"url\":\"https:\/\/haertlrealestate.de\/en\/impressum\/\",\"name\":\"Imprint - H\u00e4rtl Real Estate GmbH\",\"isPartOf\":{\"@id\":\"https:\/\/haertlrealestate.de\/#website\"},\"datePublished\":\"2021-11-30T09:26:44+00:00\",\"dateModified\":\"2025-10-01T16:13:06+00:00\",\"breadcrumb\":{\"@id\":\"https:\/\/haertlrealestate.de\/en\/impressum\/#breadcrumb\"},\"inLanguage\":\"en-US\",\"potentialAction\":[{\"@type\":\"ReadAction\",\"target\":[\"https:\/\/haertlrealestate.de\/en\/impressum\/\"]}]},{\"@type\":\"BreadcrumbList\",\"@id\":\"https:\/\/haertlrealestate.de\/en\/impressum\/#breadcrumb\",\"itemListElement\":[{\"@type\":\"ListItem\",\"position\":1,\"name\":\"Startseite\",\"item\":\"https:\/\/haertlrealestate.de\/en\/\"},{\"@type\":\"ListItem\",\"position\":2,\"name\":\"Imprint\"}]},{\"@type\":\"WebSite\",\"@id\":\"https:\/\/haertlrealestate.de\/#website\",\"url\":\"https:\/\/haertlrealestate.de\/\",\"name\":\"H\u00e4rtl Real Estate GmbH\",\"description\":\"Luxusimmobilien im Raum M\u00fcnchen\",\"publisher\":{\"@id\":\"https:\/\/haertlrealestate.de\/#organization\"},\"potentialAction\":[{\"@type\":\"SearchAction\",\"target\":{\"@type\":\"EntryPoint\",\"urlTemplate\":\"https:\/\/haertlrealestate.de\/?s={search_term_string}\"},\"query-input\":{\"@type\":\"PropertyValueSpecification\",\"valueRequired\":true,\"valueName\":\"search_term_string\"}}],\"inLanguage\":\"en-US\"},{\"@type\":\"Organization\",\"@id\":\"https:\/\/haertlrealestate.de\/#organization\",\"name\":\"H\u00e4rtl Real Estate GmbH\",\"url\":\"https:\/\/haertlrealestate.de\/\",\"logo\":{\"@type\":\"ImageObject\",\"inLanguage\":\"en-US\",\"@id\":\"https:\/\/haertlrealestate.de\/#\/schema\/logo\/image\/\",\"url\":\"https:\/\/haertlrealestate.de\/wp-content\/uploads\/2021\/10\/cropped-haertl-real-estate-logo-small.png\",\"contentUrl\":\"https:\/\/haertlrealestate.de\/wp-content\/uploads\/2021\/10\/cropped-haertl-real-estate-logo-small.png\",\"width\":120,\"height\":99,\"caption\":\"H\u00e4rtl Real Estate GmbH\"},\"image\":{\"@id\":\"https:\/\/haertlrealestate.de\/#\/schema\/logo\/image\/\"}}]}<\/script>\n<!-- \/ Yoast SEO plugin. -->","yoast_head_json":{"title":"Imprint - H\u00e4rtl Real Estate GmbH","robots":{"index":"index","follow":"follow","max-snippet":"max-snippet:-1","max-image-preview":"max-image-preview:large","max-video-preview":"max-video-preview:-1"},"canonical":"https:\/\/haertlrealestate.de\/en\/impressum\/","og_locale":"en_US","og_type":"article","og_title":"Imprint - H\u00e4rtl Real Estate GmbH","og_description":"Imprint H\u00e4rtl Real Estate GmbHN\u00f6rdliche M\u00fcnchner Stra\u00dfe 27a82031 Gr\u00fcnwald Phone: +49 176 44427899E-Mail: info@haertlrealestate.de Managing Director:Lorenz H\u00e4rtl, Dipl.-Immobilien\u00f6konom (ADI), Economics (B.Sc.), Psychology (B.Sc.) Register court: Local court Munich, HRB 269530 Sales tax identification number according to \u00a727 a Umsatzsteuergesetz:DE347553735 Competent supervisory authority for the activity according to \u00a7 34c GewO:Chamber of Industry and Commerce (IHK)&hellip;&nbsp;Read More &raquo;Imprint","og_url":"https:\/\/haertlrealestate.de\/en\/impressum\/","og_site_name":"H\u00e4rtl Real Estate GmbH","article_modified_time":"2025-10-01T16:13:06+00:00","twitter_card":"summary_large_image","twitter_misc":{"Est. reading time":"2 minutes"},"schema":{"@context":"https:\/\/schema.org","@graph":[{"@type":"WebPage","@id":"https:\/\/haertlrealestate.de\/en\/impressum\/","url":"https:\/\/haertlrealestate.de\/en\/impressum\/","name":"Imprint - H\u00e4rtl Real Estate GmbH","isPartOf":{"@id":"https:\/\/haertlrealestate.de\/#website"},"datePublished":"2021-11-30T09:26:44+00:00","dateModified":"2025-10-01T16:13:06+00:00","breadcrumb":{"@id":"https:\/\/haertlrealestate.de\/en\/impressum\/#breadcrumb"},"inLanguage":"en-US","potentialAction":[{"@type":"ReadAction","target":["https:\/\/haertlrealestate.de\/en\/impressum\/"]}]},{"@type":"BreadcrumbList","@id":"https:\/\/haertlrealestate.de\/en\/impressum\/#breadcrumb","itemListElement":[{"@type":"ListItem","position":1,"name":"Startseite","item":"https:\/\/haertlrealestate.de\/en\/"},{"@type":"ListItem","position":2,"name":"Imprint"}]},{"@type":"WebSite","@id":"https:\/\/haertlrealestate.de\/#website","url":"https:\/\/haertlrealestate.de\/","name":"H\u00e4rtl Real Estate GmbH","description":"Luxusimmobilien im Raum M\u00fcnchen","publisher":{"@id":"https:\/\/haertlrealestate.de\/#organization"},"potentialAction":[{"@type":"SearchAction","target":{"@type":"EntryPoint","urlTemplate":"https:\/\/haertlrealestate.de\/?s={search_term_string}"},"query-input":{"@type":"PropertyValueSpecification","valueRequired":true,"valueName":"search_term_string"}}],"inLanguage":"en-US"},{"@type":"Organization","@id":"https:\/\/haertlrealestate.de\/#organization","name":"H\u00e4rtl Real Estate GmbH","url":"https:\/\/haertlrealestate.de\/","logo":{"@type":"ImageObject","inLanguage":"en-US","@id":"https:\/\/haertlrealestate.de\/#\/schema\/logo\/image\/","url":"https:\/\/haertlrealestate.de\/wp-content\/uploads\/2021\/10\/cropped-haertl-real-estate-logo-small.png","contentUrl":"https:\/\/haertlrealestate.de\/wp-content\/uploads\/2021\/10\/cropped-haertl-real-estate-logo-small.png","width":120,"height":99,"caption":"H\u00e4rtl Real Estate GmbH"},"image":{"@id":"https:\/\/haertlrealestate.de\/#\/schema\/logo\/image\/"}}]}},"_links":{"self":[{"href":"https:\/\/haertlrealestate.de\/en\/wp-json\/wp\/v2\/pages\/625","targetHints":{"allow":["GET"]}}],"collection":[{"href":"https:\/\/haertlrealestate.de\/en\/wp-json\/wp\/v2\/pages"}],"about":[{"href":"https:\/\/haertlrealestate.de\/en\/wp-json\/wp\/v2\/types\/page"}],"author":[{"embeddable":true,"href":"https:\/\/haertlrealestate.de\/en\/wp-json\/wp\/v2\/users\/1"}],"replies":[{"embeddable":true,"href":"https:\/\/haertlrealestate.de\/en\/wp-json\/wp\/v2\/comments?post=625"}],"version-history":[{"count":22,"href":"https:\/\/haertlrealestate.de\/en\/wp-json\/wp\/v2\/pages\/625\/revisions"}],"predecessor-version":[{"id":1826,"href":"https:\/\/haertlrealestate.de\/en\/wp-json\/wp\/v2\/pages\/625\/revisions\/1826"}],"wp:attachment":[{"href":"https:\/\/haertlrealestate.de\/en\/wp-json\/wp\/v2\/media?parent=625"}],"curies":[{"name":"wp","href":"https:\/\/api.w.org\/{rel}","templated":true}]}}